{"id":1202,"date":"2021-01-22T13:12:22","date_gmt":"2021-01-22T13:12:22","guid":{"rendered":"https:\/\/connecthealth.info\/contacto\/"},"modified":"2023-05-12T10:32:41","modified_gmt":"2023-05-12T10:32:41","slug":"contacto","status":"publish","type":"page","link":"https:\/\/connecthealth.info\/es\/contacto\/","title":{"rendered":"Contacto"},"content":{"rendered":"\t\t<div data-elementor-type=\"wp-page\" data-elementor-id=\"1202\" class=\"elementor elementor-1202 elementor-263\" data-elementor-post-type=\"page\">\n\t\t\t\t\t\t<section class=\"elementor-section elementor-top-section elementor-element elementor-element-6673a36 elementor-section-height-min-height elementor-section-boxed elementor-section-height-default elementor-section-items-middle\" data-id=\"6673a36\" data-element_type=\"section\" data-settings=\"{&quot;background_background&quot;:&quot;classic&quot;}\">\n\t\t\t\t\t\t<div class=\"elementor-container elementor-column-gap-default\">\n\t\t\t\t\t<div class=\"elementor-column elementor-col-100 elementor-top-column elementor-element elementor-element-fecb0da\" data-id=\"fecb0da\" data-element_type=\"column\">\n\t\t\t<div class=\"elementor-widget-wrap elementor-element-populated\">\n\t\t\t\t\t\t<div class=\"elementor-element elementor-element-e30ab62 elementor-widget elementor-widget-heading\" data-id=\"e30ab62\" data-element_type=\"widget\" data-widget_type=\"heading.default\">\n\t\t\t\t<div class=\"elementor-widget-container\">\n\t\t\t<h2 class=\"elementor-heading-title elementor-size-default\">ConnectHealth<\/h2>\t\t<\/div>\n\t\t\t\t<\/div>\n\t\t\t\t<div class=\"elementor-element elementor-element-c4905e1 elementor-widget elementor-widget-heading\" data-id=\"c4905e1\" data-element_type=\"widget\" data-widget_type=\"heading.default\">\n\t\t\t\t<div class=\"elementor-widget-container\">\n\t\t\t<h4 class=\"elementor-heading-title elementor-size-default\">Contacto<\/h4>\t\t<\/div>\n\t\t\t\t<\/div>\n\t\t\t\t\t<\/div>\n\t\t<\/div>\n\t\t\t\t\t<\/div>\n\t\t<\/section>\n\t\t\t\t<section class=\"elementor-section elementor-top-section elementor-element elementor-element-40284f0 elementor-section-boxed elementor-section-height-default elementor-section-height-default\" data-id=\"40284f0\" data-element_type=\"section\">\n\t\t\t\t\t\t<div class=\"elementor-container elementor-column-gap-default\">\n\t\t\t\t\t<div class=\"elementor-column elementor-col-100 elementor-top-column elementor-element elementor-element-d7d800a\" data-id=\"d7d800a\" data-element_type=\"column\">\n\t\t\t<div class=\"elementor-widget-wrap elementor-element-populated\">\n\t\t\t\t\t\t<div class=\"elementor-element elementor-element-ceb0381 elementor-widget elementor-widget-heading\" data-id=\"ceb0381\" data-element_type=\"widget\" data-widget_type=\"heading.default\">\n\t\t\t\t<div class=\"elementor-widget-container\">\n\t\t\t<h6 class=\"elementor-heading-title elementor-size-default\"><span>CONNECTHEALTH GROUP<\/span><\/h6>\t\t<\/div>\n\t\t\t\t<\/div>\n\t\t\t\t<div class=\"elementor-element elementor-element-be3b01e elementor-widget elementor-widget-heading\" data-id=\"be3b01e\" data-element_type=\"widget\" data-widget_type=\"heading.default\">\n\t\t\t\t<div class=\"elementor-widget-container\">\n\t\t\t<p class=\"elementor-heading-title elementor-size-default\">Env\u00edenos un correo electr\u00f3nico o utilice el formulario a continuaci\u00f3n para cualquier duda o consulta.<\/p>\t\t<\/div>\n\t\t\t\t<\/div>\n\t\t\t\t\t<\/div>\n\t\t<\/div>\n\t\t\t\t\t<\/div>\n\t\t<\/section>\n\t\t\t\t<section class=\"elementor-section elementor-top-section elementor-element elementor-element-b02fd0e elementor-section-height-min-height elementor-section-boxed elementor-section-height-default elementor-section-items-middle\" data-id=\"b02fd0e\" data-element_type=\"section\" data-settings=\"{&quot;background_background&quot;:&quot;classic&quot;}\">\n\t\t\t\t\t\t<div class=\"elementor-container elementor-column-gap-default\">\n\t\t\t\t\t<div class=\"elementor-column elementor-col-100 elementor-top-column elementor-element elementor-element-79cdb44\" data-id=\"79cdb44\" data-element_type=\"column\">\n\t\t\t<div class=\"elementor-widget-wrap elementor-element-populated\">\n\t\t\t\t\t\t<div class=\"elementor-element elementor-element-dd8c69e elementor-button-align-stretch elementor-widget elementor-widget-form\" data-id=\"dd8c69e\" data-element_type=\"widget\" data-settings=\"{&quot;step_next_label&quot;:&quot;Siguiente&quot;,&quot;step_previous_label&quot;:&quot;Anterior&quot;,&quot;button_width&quot;:&quot;100&quot;,&quot;step_type&quot;:&quot;number_text&quot;,&quot;step_icon_shape&quot;:&quot;circle&quot;}\" data-widget_type=\"form.default\">\n\t\t\t\t<div class=\"elementor-widget-container\">\n\t\t\t\t\t<form class=\"elementor-form\" method=\"post\" name=\"Nuevo formulario\">\n\t\t\t<input type=\"hidden\" name=\"post_id\" value=\"1202\"\/>\n\t\t\t<input type=\"hidden\" name=\"form_id\" value=\"dd8c69e\"\/>\n\t\t\t<input type=\"hidden\" name=\"referer_title\" value=\"ConnectHealth\" \/>\n\n\t\t\t\n\t\t\t<div class=\"elementor-form-fields-wrapper elementor-labels-\">\n\t\t\t\t\t\t\t\t<div class=\"elementor-field-type-text elementor-field-group elementor-column elementor-field-group-name elementor-col-100\">\n\t\t\t\t\t\t\t\t\t\t\t\t<label for=\"form-field-name\" class=\"elementor-field-label elementor-screen-only\">\n\t\t\t\t\t\t\t\tName\t\t\t\t\t\t\t<\/label>\n\t\t\t\t\t\t\t\t\t\t\t\t\t\t<input size=\"1\" type=\"text\" name=\"form_fields[name]\" id=\"form-field-name\" class=\"elementor-field elementor-size-lg  elementor-field-textual\" placeholder=\"Name\">\n\t\t\t\t\t\t\t\t\t\t\t<\/div>\n\t\t\t\t\t\t\t\t<div class=\"elementor-field-type-text\">\n\t\t\t\t\t<input size=\"1\" type=\"text\" name=\"form_fields[field_7e24b16]\" id=\"form-field-field_7e24b16\" class=\"elementor-field elementor-size-lg \" style=\"display:none !important;\">\t\t\t\t<\/div>\n\t\t\t\t\t\t\t\t<div class=\"elementor-field-type-email elementor-field-group elementor-column elementor-field-group-email elementor-col-100 elementor-field-required\">\n\t\t\t\t\t\t\t\t\t\t\t\t<label for=\"form-field-email\" class=\"elementor-field-label elementor-screen-only\">\n\t\t\t\t\t\t\t\tEmail\t\t\t\t\t\t\t<\/label>\n\t\t\t\t\t\t\t\t\t\t\t\t\t\t<input size=\"1\" type=\"email\" name=\"form_fields[email]\" id=\"form-field-email\" class=\"elementor-field elementor-size-lg  elementor-field-textual\" placeholder=\"Email\" required=\"required\" aria-required=\"true\">\n\t\t\t\t\t\t\t\t\t\t\t<\/div>\n\t\t\t\t\t\t\t\t<div class=\"elementor-field-type-text\">\n\t\t\t\t\t<input size=\"1\" type=\"text\" name=\"form_fields[field_7af4666]\" id=\"form-field-field_7af4666\" class=\"elementor-field elementor-size-lg \" style=\"display:none !important;\">\t\t\t\t<\/div>\n\t\t\t\t\t\t\t\t<div class=\"elementor-field-type-textarea elementor-field-group elementor-column elementor-field-group-message elementor-col-100\">\n\t\t\t\t\t\t\t\t\t\t\t\t<label for=\"form-field-message\" class=\"elementor-field-label elementor-screen-only\">\n\t\t\t\t\t\t\t\tMensaje\t\t\t\t\t\t\t<\/label>\n\t\t\t\t\t\t<textarea class=\"elementor-field-textual elementor-field  elementor-size-lg\" name=\"form_fields[message]\" id=\"form-field-message\" rows=\"4\" placeholder=\"Mensaje\"><\/textarea>\t\t\t\t<\/div>\n\t\t\t\t\t\t\t\t<div class=\"elementor-field-group elementor-column elementor-field-type-submit elementor-col-100 e-form__buttons\">\n\t\t\t\t\t<button class=\"elementor-button elementor-size-lg\" type=\"submit\">\n\t\t\t\t\t\t<span class=\"elementor-button-content-wrapper\">\n\t\t\t\t\t\t\t\t\t\t\t\t\t\t\t\t\t\t\t\t\t\t<span class=\"elementor-button-text\">Enviar<\/span>\n\t\t\t\t\t\t\t\t\t\t\t\t\t<\/span>\n\t\t\t\t\t<\/button>\n\t\t\t\t<\/div>\n\t\t\t<\/div>\n\t\t<\/form>\n\t\t\t\t<\/div>\n\t\t\t\t<\/div>\n\t\t\t\t\t<\/div>\n\t\t<\/div>\n\t\t\t\t\t<\/div>\n\t\t<\/section>\n\t\t\t\t<section class=\"elementor-section elementor-top-section elementor-element elementor-element-aed7da1 elementor-section-boxed elementor-section-height-default elementor-section-height-default\" data-id=\"aed7da1\" data-element_type=\"section\">\n\t\t\t\t\t\t<div class=\"elementor-container elementor-column-gap-default\">\n\t\t\t\t\t<div class=\"elementor-column elementor-col-100 elementor-top-column elementor-element elementor-element-ab7f0d5\" data-id=\"ab7f0d5\" data-element_type=\"column\">\n\t\t\t<div class=\"elementor-widget-wrap elementor-element-populated\">\n\t\t\t\t\t\t<section class=\"elementor-section elementor-inner-section elementor-element elementor-element-ce7c1c7 elementor-section-content-top elementor-section-boxed elementor-section-height-default elementor-section-height-default\" data-id=\"ce7c1c7\" data-element_type=\"section\">\n\t\t\t\t\t\t<div class=\"elementor-container elementor-column-gap-default\">\n\t\t\t\t\t<div class=\"elementor-column elementor-col-50 elementor-inner-column elementor-element elementor-element-e9012d5\" data-id=\"e9012d5\" data-element_type=\"column\">\n\t\t\t<div class=\"elementor-widget-wrap elementor-element-populated\">\n\t\t\t\t\t\t<div class=\"elementor-element elementor-element-aef86b0 elementor-view-default elementor-position-top elementor-mobile-position-top elementor-widget elementor-widget-icon-box\" data-id=\"aef86b0\" data-element_type=\"widget\" data-widget_type=\"icon-box.default\">\n\t\t\t\t<div class=\"elementor-widget-container\">\n\t\t\t\t\t<div class=\"elementor-icon-box-wrapper\">\n\n\t\t\t\t\t\t<div class=\"elementor-icon-box-icon\">\n\t\t\t\t<span  class=\"elementor-icon elementor-animation-\">\n\t\t\t\t<i aria-hidden=\"true\" class=\"fas fa-map-marker\"><\/i>\t\t\t\t<\/span>\n\t\t\t<\/div>\n\t\t\t\n\t\t\t\t\t\t<div class=\"elementor-icon-box-content\">\n\n\t\t\t\t\t\t\t\t\t<h3 class=\"elementor-icon-box-title\">\n\t\t\t\t\t\t<span  >\n\t\t\t\t\t\t\tDirecci\u00f3n\t\t\t\t\t\t<\/span>\n\t\t\t\t\t<\/h3>\n\t\t\t\t\n\t\t\t\t\t\t\t\t\t<p class=\"elementor-icon-box-description\">\n\t\t\t\t\t\tCalle Venerable Carabantes, 1c, 1\u00ba, 42003 Soria, Spain\t\t\t\t\t<\/p>\n\t\t\t\t\n\t\t\t<\/div>\n\t\t\t\n\t\t<\/div>\n\t\t\t\t<\/div>\n\t\t\t\t<\/div>\n\t\t\t\t\t<\/div>\n\t\t<\/div>\n\t\t\t\t<div class=\"elementor-column elementor-col-50 elementor-inner-column elementor-element elementor-element-e6c225f\" data-id=\"e6c225f\" data-element_type=\"column\">\n\t\t\t<div class=\"elementor-widget-wrap elementor-element-populated\">\n\t\t\t\t\t\t<div class=\"elementor-element elementor-element-92d1702 elementor-view-default elementor-position-top elementor-mobile-position-top elementor-widget elementor-widget-icon-box\" data-id=\"92d1702\" data-element_type=\"widget\" data-widget_type=\"icon-box.default\">\n\t\t\t\t<div class=\"elementor-widget-container\">\n\t\t\t\t\t<div class=\"elementor-icon-box-wrapper\">\n\n\t\t\t\t\t\t<div class=\"elementor-icon-box-icon\">\n\t\t\t\t<span  class=\"elementor-icon elementor-animation-\">\n\t\t\t\t<i aria-hidden=\"true\" class=\"fas fa-envelope\"><\/i>\t\t\t\t<\/span>\n\t\t\t<\/div>\n\t\t\t\n\t\t\t\t\t\t<div class=\"elementor-icon-box-content\">\n\n\t\t\t\t\t\t\t\t\t<h3 class=\"elementor-icon-box-title\">\n\t\t\t\t\t\t<span  >\n\t\t\t\t\t\t\tEmail\t\t\t\t\t\t<\/span>\n\t\t\t\t\t<\/h3>\n\t\t\t\t\n\t\t\t\t\t\t\t\t\t<p class=\"elementor-icon-box-description\">\n\t\t\t\t\t\t&gt;contact@connecthealth.info\t\t\t\t\t<\/p>\n\t\t\t\t\n\t\t\t<\/div>\n\t\t\t\n\t\t<\/div>\n\t\t\t\t<\/div>\n\t\t\t\t<\/div>\n\t\t\t\t\t<\/div>\n\t\t<\/div>\n\t\t\t\t\t<\/div>\n\t\t<\/section>\n\t\t\t\t\t<\/div>\n\t\t<\/div>\n\t\t\t\t\t<\/div>\n\t\t<\/section>\n\t\t\t\t<section class=\"elementor-section elementor-top-section elementor-element elementor-element-7004702 elementor-hidden-desktop elementor-hidden-tablet elementor-hidden-mobile elementor-section-boxed elementor-section-height-default elementor-section-height-default\" data-id=\"7004702\" data-element_type=\"section\">\n\t\t\t\t\t\t<div class=\"elementor-container elementor-column-gap-default\">\n\t\t\t\t\t<div class=\"elementor-column elementor-col-50 elementor-top-column elementor-element elementor-element-839404b\" data-id=\"839404b\" data-element_type=\"column\">\n\t\t\t<div class=\"elementor-widget-wrap elementor-element-populated\">\n\t\t\t\t\t\t<div class=\"elementor-element elementor-element-65a19fe elementor-widget elementor-widget-heading\" data-id=\"65a19fe\" data-element_type=\"widget\" data-widget_type=\"heading.default\">\n\t\t\t\t<div class=\"elementor-widget-container\">\n\t\t\t<h6 class=\"elementor-heading-title elementor-size-default\"><span>CONNECTHEALTH GROUP<\/span><\/h6>\t\t<\/div>\n\t\t\t\t<\/div>\n\t\t\t\t<div class=\"elementor-element elementor-element-63cc7ee elementor-widget elementor-widget-heading\" data-id=\"63cc7ee\" data-element_type=\"widget\" data-widget_type=\"heading.default\">\n\t\t\t\t<div class=\"elementor-widget-container\">\n\t\t\t<h2 class=\"elementor-heading-title elementor-size-default\">Contacto<\/h2>\t\t<\/div>\n\t\t\t\t<\/div>\n\t\t\t\t<div class=\"elementor-element elementor-element-0e7f6af elementor-widget elementor-widget-heading\" data-id=\"0e7f6af\" data-element_type=\"widget\" data-widget_type=\"heading.default\">\n\t\t\t\t<div class=\"elementor-widget-container\">\n\t\t\t<h5 class=\"elementor-heading-title elementor-size-default\">Env\u00edenos un correo electr\u00f3nico o utilice el formulario a continuaci\u00f3n para cualquier duda o consulta.<\/h5>\t\t<\/div>\n\t\t\t\t<\/div>\n\t\t\t\t<section class=\"elementor-section elementor-inner-section elementor-element elementor-element-0cf9877 elementor-section-boxed elementor-section-height-default elementor-section-height-default\" data-id=\"0cf9877\" data-element_type=\"section\">\n\t\t\t\t\t\t<div class=\"elementor-container elementor-column-gap-default\">\n\t\t\t\t\t<div class=\"elementor-column elementor-col-50 elementor-inner-column elementor-element elementor-element-c792f18\" data-id=\"c792f18\" data-element_type=\"column\">\n\t\t\t<div class=\"elementor-widget-wrap\">\n\t\t\t\t\t\t\t<\/div>\n\t\t<\/div>\n\t\t\t\t<div class=\"elementor-column elementor-col-50 elementor-inner-column elementor-element elementor-element-5648a6e\" data-id=\"5648a6e\" data-element_type=\"column\">\n\t\t\t<div class=\"elementor-widget-wrap\">\n\t\t\t\t\t\t\t<\/div>\n\t\t<\/div>\n\t\t\t\t\t<\/div>\n\t\t<\/section>\n\t\t\t\t\t<\/div>\n\t\t<\/div>\n\t\t\t\t<div class=\"elementor-column elementor-col-50 elementor-top-column elementor-element elementor-element-e6ad544\" data-id=\"e6ad544\" data-element_type=\"column\">\n\t\t\t<div class=\"elementor-widget-wrap\">\n\t\t\t\t\t\t\t<\/div>\n\t\t<\/div>\n\t\t\t\t\t<\/div>\n\t\t<\/section>\n\t\t\t\t<section class=\"elementor-section elementor-top-section elementor-element elementor-element-85d9d84 elementor-section-full_width elementor-section-height-default elementor-section-height-default\" data-id=\"85d9d84\" data-element_type=\"section\">\n\t\t\t\t\t\t<div class=\"elementor-container elementor-column-gap-default\">\n\t\t\t\t\t<div class=\"elementor-column elementor-col-100 elementor-top-column elementor-element elementor-element-012d317\" data-id=\"012d317\" data-element_type=\"column\">\n\t\t\t<div class=\"elementor-widget-wrap elementor-element-populated\">\n\t\t\t\t\t\t<div class=\"elementor-element elementor-element-ade5025 elementor-widget elementor-widget-image\" data-id=\"ade5025\" data-element_type=\"widget\" data-widget_type=\"image.default\">\n\t\t\t\t<div class=\"elementor-widget-container\">\n\t\t\t\t\t\t\t\t\t\t\t\t\t<img decoding=\"async\" src=\"https:\/\/connecthealth.info\/wp-content\/uploads\/2019\/11\/map.jpg\" title=\"\" alt=\"\" loading=\"lazy\" \/>\t\t\t\t\t\t\t\t\t\t\t\t\t<\/div>\n\t\t\t\t<\/div>\n\t\t\t\t\t<\/div>\n\t\t<\/div>\n\t\t\t\t\t<\/div>\n\t\t<\/section>\n\t\t\t\t<\/div>\n\t\t","protected":false},"excerpt":{"rendered":"<p>ConnectHealth Contacto CONNECTHEALTH GROUP Env\u00edenos un correo electr\u00f3nico o utilice el formulario a continuaci\u00f3n para cualquier duda o consulta. Direcci\u00f3n Calle Venerable Carabantes, 1c, 1\u00ba, 42003 Soria, Spain Email &gt;contact@connecthealth.info CONNECTHEALTH GROUP Contacto Env\u00edenos un correo electr\u00f3nico o utilice el formulario a continuaci\u00f3n para cualquier duda o consulta.<\/p>\n","protected":false},"author":1,"featured_media":0,"parent":0,"menu_order":0,"comment_status":"closed","ping_status":"closed","template":"elementor_header_footer","meta":{"footnotes":""},"class_list":["post-1202","page","type-page","status-publish","hentry"],"yoast_head":"<!-- This site is optimized with the Yoast SEO plugin v23.8 - https:\/\/yoast.com\/wordpress\/plugins\/seo\/ -->\n<title>Contacto - ConnectHealth<\/title>\n<meta name=\"robots\" content=\"index, follow, max-snippet:-1, max-image-preview:large, max-video-preview:-1\" \/>\n<link rel=\"canonical\" href=\"https:\/\/connecthealth.info\/es\/contacto\/\" \/>\n<meta property=\"og:locale\" content=\"es_ES\" \/>\n<meta property=\"og:type\" content=\"article\" \/>\n<meta property=\"og:title\" content=\"Contacto - ConnectHealth\" \/>\n<meta property=\"og:description\" content=\"ConnectHealth Contacto CONNECTHEALTH GROUP Env\u00edenos un correo electr\u00f3nico o utilice el formulario a continuaci\u00f3n para cualquier duda o consulta. Direcci\u00f3n Calle Venerable Carabantes, 1c, 1\u00ba, 42003 Soria, Spain Email &gt;contact@connecthealth.info CONNECTHEALTH GROUP Contacto Env\u00edenos un correo electr\u00f3nico o utilice el formulario a continuaci\u00f3n para cualquier duda o consulta.\" \/>\n<meta property=\"og:url\" content=\"https:\/\/connecthealth.info\/es\/contacto\/\" \/>\n<meta property=\"og:site_name\" content=\"ConnectHealth\" \/>\n<meta property=\"article:modified_time\" content=\"2023-05-12T10:32:41+00:00\" \/>\n<meta property=\"og:image\" content=\"https:\/\/connecthealth.info\/wp-content\/uploads\/2019\/11\/map.jpg\" \/>\n<meta name=\"twitter:card\" content=\"summary_large_image\" \/>\n<script type=\"application\/ld+json\" class=\"yoast-schema-graph\">{\"@context\":\"https:\/\/schema.org\",\"@graph\":[{\"@type\":\"WebPage\",\"@id\":\"https:\/\/connecthealth.info\/es\/contacto\/\",\"url\":\"https:\/\/connecthealth.info\/es\/contacto\/\",\"name\":\"Contacto - ConnectHealth\",\"isPartOf\":{\"@id\":\"https:\/\/connecthealth.info\/es\/#website\"},\"primaryImageOfPage\":{\"@id\":\"https:\/\/connecthealth.info\/es\/contacto\/#primaryimage\"},\"image\":{\"@id\":\"https:\/\/connecthealth.info\/es\/contacto\/#primaryimage\"},\"thumbnailUrl\":\"https:\/\/connecthealth.info\/wp-content\/uploads\/2019\/11\/map.jpg\",\"datePublished\":\"2021-01-22T13:12:22+00:00\",\"dateModified\":\"2023-05-12T10:32:41+00:00\",\"breadcrumb\":{\"@id\":\"https:\/\/connecthealth.info\/es\/contacto\/#breadcrumb\"},\"inLanguage\":\"es\",\"potentialAction\":[{\"@type\":\"ReadAction\",\"target\":[\"https:\/\/connecthealth.info\/es\/contacto\/\"]}]},{\"@type\":\"ImageObject\",\"inLanguage\":\"es\",\"@id\":\"https:\/\/connecthealth.info\/es\/contacto\/#primaryimage\",\"url\":\"https:\/\/connecthealth.info\/wp-content\/uploads\/2019\/11\/map.jpg\",\"contentUrl\":\"https:\/\/connecthealth.info\/wp-content\/uploads\/2019\/11\/map.jpg\"},{\"@type\":\"BreadcrumbList\",\"@id\":\"https:\/\/connecthealth.info\/es\/contacto\/#breadcrumb\",\"itemListElement\":[{\"@type\":\"ListItem\",\"position\":1,\"name\":\"Portada\",\"item\":\"https:\/\/connecthealth.info\/es\/connect-health\/\"},{\"@type\":\"ListItem\",\"position\":2,\"name\":\"Contacto\"}]},{\"@type\":\"WebSite\",\"@id\":\"https:\/\/connecthealth.info\/es\/#website\",\"url\":\"https:\/\/connecthealth.info\/es\/\",\"name\":\"ConnectHealth\",\"description\":\"Improving people\u00b4s health\",\"publisher\":{\"@id\":\"https:\/\/connecthealth.info\/es\/#organization\"},\"potentialAction\":[{\"@type\":\"SearchAction\",\"target\":{\"@type\":\"EntryPoint\",\"urlTemplate\":\"https:\/\/connecthealth.info\/es\/?s={search_term_string}\"},\"query-input\":{\"@type\":\"PropertyValueSpecification\",\"valueRequired\":true,\"valueName\":\"search_term_string\"}}],\"inLanguage\":\"es\"},{\"@type\":\"Organization\",\"@id\":\"https:\/\/connecthealth.info\/es\/#organization\",\"name\":\"Con\u00e9ctate Soluciones y Aplicaciones SL and Connecting Solution and Applications Ltd\",\"url\":\"https:\/\/connecthealth.info\/es\/\",\"logo\":{\"@type\":\"ImageObject\",\"inLanguage\":\"es\",\"@id\":\"https:\/\/connecthealth.info\/es\/#\/schema\/logo\/image\/\",\"url\":\"https:\/\/connecthealth.info\/wp-content\/uploads\/2021\/01\/connecthealth-logoa.png\",\"contentUrl\":\"https:\/\/connecthealth.info\/wp-content\/uploads\/2021\/01\/connecthealth-logoa.png\",\"width\":800,\"height\":326,\"caption\":\"Con\u00e9ctate Soluciones y Aplicaciones SL and Connecting Solution and Applications Ltd\"},\"image\":{\"@id\":\"https:\/\/connecthealth.info\/es\/#\/schema\/logo\/image\/\"}}]}<\/script>\n<!-- \/ Yoast SEO plugin. -->","yoast_head_json":{"title":"Contacto - ConnectHealth","robots":{"index":"index","follow":"follow","max-snippet":"max-snippet:-1","max-image-preview":"max-image-preview:large","max-video-preview":"max-video-preview:-1"},"canonical":"https:\/\/connecthealth.info\/es\/contacto\/","og_locale":"es_ES","og_type":"article","og_title":"Contacto - ConnectHealth","og_description":"ConnectHealth Contacto CONNECTHEALTH GROUP Env\u00edenos un correo electr\u00f3nico o utilice el formulario a continuaci\u00f3n para cualquier duda o consulta. Direcci\u00f3n Calle Venerable Carabantes, 1c, 1\u00ba, 42003 Soria, Spain Email &gt;contact@connecthealth.info CONNECTHEALTH GROUP Contacto Env\u00edenos un correo electr\u00f3nico o utilice el formulario a continuaci\u00f3n para cualquier duda o consulta.","og_url":"https:\/\/connecthealth.info\/es\/contacto\/","og_site_name":"ConnectHealth","article_modified_time":"2023-05-12T10:32:41+00:00","og_image":[{"url":"https:\/\/connecthealth.info\/wp-content\/uploads\/2019\/11\/map.jpg"}],"twitter_card":"summary_large_image","schema":{"@context":"https:\/\/schema.org","@graph":[{"@type":"WebPage","@id":"https:\/\/connecthealth.info\/es\/contacto\/","url":"https:\/\/connecthealth.info\/es\/contacto\/","name":"Contacto - ConnectHealth","isPartOf":{"@id":"https:\/\/connecthealth.info\/es\/#website"},"primaryImageOfPage":{"@id":"https:\/\/connecthealth.info\/es\/contacto\/#primaryimage"},"image":{"@id":"https:\/\/connecthealth.info\/es\/contacto\/#primaryimage"},"thumbnailUrl":"https:\/\/connecthealth.info\/wp-content\/uploads\/2019\/11\/map.jpg","datePublished":"2021-01-22T13:12:22+00:00","dateModified":"2023-05-12T10:32:41+00:00","breadcrumb":{"@id":"https:\/\/connecthealth.info\/es\/contacto\/#breadcrumb"},"inLanguage":"es","potentialAction":[{"@type":"ReadAction","target":["https:\/\/connecthealth.info\/es\/contacto\/"]}]},{"@type":"ImageObject","inLanguage":"es","@id":"https:\/\/connecthealth.info\/es\/contacto\/#primaryimage","url":"https:\/\/connecthealth.info\/wp-content\/uploads\/2019\/11\/map.jpg","contentUrl":"https:\/\/connecthealth.info\/wp-content\/uploads\/2019\/11\/map.jpg"},{"@type":"BreadcrumbList","@id":"https:\/\/connecthealth.info\/es\/contacto\/#breadcrumb","itemListElement":[{"@type":"ListItem","position":1,"name":"Portada","item":"https:\/\/connecthealth.info\/es\/connect-health\/"},{"@type":"ListItem","position":2,"name":"Contacto"}]},{"@type":"WebSite","@id":"https:\/\/connecthealth.info\/es\/#website","url":"https:\/\/connecthealth.info\/es\/","name":"ConnectHealth","description":"Improving people\u00b4s health","publisher":{"@id":"https:\/\/connecthealth.info\/es\/#organization"},"potentialAction":[{"@type":"SearchAction","target":{"@type":"EntryPoint","urlTemplate":"https:\/\/connecthealth.info\/es\/?s={search_term_string}"},"query-input":{"@type":"PropertyValueSpecification","valueRequired":true,"valueName":"search_term_string"}}],"inLanguage":"es"},{"@type":"Organization","@id":"https:\/\/connecthealth.info\/es\/#organization","name":"Con\u00e9ctate Soluciones y Aplicaciones SL and Connecting Solution and Applications Ltd","url":"https:\/\/connecthealth.info\/es\/","logo":{"@type":"ImageObject","inLanguage":"es","@id":"https:\/\/connecthealth.info\/es\/#\/schema\/logo\/image\/","url":"https:\/\/connecthealth.info\/wp-content\/uploads\/2021\/01\/connecthealth-logoa.png","contentUrl":"https:\/\/connecthealth.info\/wp-content\/uploads\/2021\/01\/connecthealth-logoa.png","width":800,"height":326,"caption":"Con\u00e9ctate Soluciones y Aplicaciones SL and Connecting Solution and Applications Ltd"},"image":{"@id":"https:\/\/connecthealth.info\/es\/#\/schema\/logo\/image\/"}}]}},"_links":{"self":[{"href":"https:\/\/connecthealth.info\/es\/wp-json\/wp\/v2\/pages\/1202","targetHints":{"allow":["GET"]}}],"collection":[{"href":"https:\/\/connecthealth.info\/es\/wp-json\/wp\/v2\/pages"}],"about":[{"href":"https:\/\/connecthealth.info\/es\/wp-json\/wp\/v2\/types\/page"}],"author":[{"embeddable":true,"href":"https:\/\/connecthealth.info\/es\/wp-json\/wp\/v2\/users\/1"}],"replies":[{"embeddable":true,"href":"https:\/\/connecthealth.info\/es\/wp-json\/wp\/v2\/comments?post=1202"}],"version-history":[{"count":12,"href":"https:\/\/connecthealth.info\/es\/wp-json\/wp\/v2\/pages\/1202\/revisions"}],"predecessor-version":[{"id":2821,"href":"https:\/\/connecthealth.info\/es\/wp-json\/wp\/v2\/pages\/1202\/revisions\/2821"}],"wp:attachment":[{"href":"https:\/\/connecthealth.info\/es\/wp-json\/wp\/v2\/media?parent=1202"}],"curies":[{"name":"wp","href":"https:\/\/api.w.org\/{rel}","templated":true}]}}